{"id":6094,"date":"2020-12-07T23:00:36","date_gmt":"2020-12-07T21:00:36","guid":{"rendered":"https:\/\/container-ephemere.com\/request-a-quote"},"modified":"2024-09-05T15:17:43","modified_gmt":"2024-09-05T13:17:43","slug":"request-a-quote","status":"publish","type":"page","link":"https:\/\/container-ephemere.com\/en\/request-a-quote","title":{"rendered":"Request a quote"},"content":{"rendered":"\t\t<div data-elementor-type=\"wp-page\" data-elementor-id=\"6094\" class=\"elementor elementor-6094 elementor-2985\" data-elementor-post-type=\"page\">\n\t\t\t\t<div class=\"elementor-element elementor-element-76cfce99 e-con-full e-flex e-con e-parent\" data-id=\"76cfce99\" data-element_type=\"container\" data-settings=\"{&quot;background_background&quot;:&quot;classic&quot;}\">\n\t\t<div class=\"elementor-element elementor-element-769ef6f6 e-con-full e-flex e-con e-child\" data-id=\"769ef6f6\" data-element_type=\"container\" data-settings=\"{&quot;background_background&quot;:&quot;classic&quot;}\">\n\t\t\t\t<div class=\"elementor-element elementor-element-7a2a8ccf animated-slow elementor-invisible elementor-widget elementor-widget-heading\" data-id=\"7a2a8ccf\" data-element_type=\"widget\" data-settings=\"{&quot;_animation&quot;:&quot;fadeInLeft&quot;}\" data-widget_type=\"heading.default\">\n\t\t\t\t<div class=\"elementor-widget-container\">\n\t\t\t<h1 class=\"elementor-heading-title elementor-size-default\">Contact us &amp; Request a quote<\/h1>\t\t<\/div>\n\t\t\t\t<\/div>\n\t\t\t\t<div class=\"elementor-element elementor-element-13943cd7 elementor-widget elementor-widget-heading\" data-id=\"13943cd7\" data-element_type=\"widget\" data-widget_type=\"heading.default\">\n\t\t\t\t<div class=\"elementor-widget-container\">\n\t\t\t<p class=\"elementor-heading-title elementor-size-default\">Do you have a project or questions about our ephemeral container solutions? We're here to help you every step of the way. Whether you'd like to find out more about our services, get a personalized quote or discuss a specific idea, please don't hesitate to contact us. Fill in the form below, and our team will get back to you as soon as possible.    <\/p>\t\t<\/div>\n\t\t\t\t<\/div>\n\t\t\t\t<div class=\"elementor-element elementor-element-aedb9a4 elementor-icon-list--layout-traditional elementor-list-item-link-full_width elementor-widget elementor-widget-icon-list\" data-id=\"aedb9a4\" data-element_type=\"widget\" data-widget_type=\"icon-list.default\">\n\t\t\t\t<div class=\"elementor-widget-container\">\n\t\t\t\t\t<ul class=\"elementor-icon-list-items\">\n\t\t\t\t\t\t\t<li class=\"elementor-icon-list-item\">\n\t\t\t\t\t\t\t\t\t\t\t<span class=\"elementor-icon-list-icon\">\n\t\t\t\t\t\t\t<svg aria-hidden=\"true\" class=\"e-font-icon-svg e-fas-phone\" viewBox=\"0 0 512 512\" xmlns=\"http:\/\/www.w3.org\/2000\/svg\"><path d=\"M493.4 24.6l-104-24c-11.3-2.6-22.9 3.3-27.5 13.9l-48 112c-4.2 9.8-1.4 21.3 6.9 28l60.6 49.6c-36 76.7-98.9 140.5-177.2 177.2l-49.6-60.6c-6.8-8.3-18.2-11.1-28-6.9l-112 48C3.9 366.5-2 378.1.6 389.4l24 104C27.1 504.2 36.7 512 48 512c256.1 0 464-207.5 464-464 0-11.2-7.7-20.9-18.6-23.4z\"><\/path><\/svg>\t\t\t\t\t\t<\/span>\n\t\t\t\t\t\t\t\t\t\t<span class=\"elementor-icon-list-text\">+33 (0)6 11 11 38 49<\/span>\n\t\t\t\t\t\t\t\t\t<\/li>\n\t\t\t\t\t\t\t\t<li class=\"elementor-icon-list-item\">\n\t\t\t\t\t\t\t\t\t\t\t<span class=\"elementor-icon-list-icon\">\n\t\t\t\t\t\t\t<svg aria-hidden=\"true\" class=\"e-font-icon-svg e-fas-envelope\" viewBox=\"0 0 512 512\" xmlns=\"http:\/\/www.w3.org\/2000\/svg\"><path d=\"M502.3 190.8c3.9-3.1 9.7-.2 9.7 4.7V400c0 26.5-21.5 48-48 48H48c-26.5 0-48-21.5-48-48V195.6c0-5 5.7-7.8 9.7-4.7 22.4 17.4 52.1 39.5 154.1 113.6 21.1 15.4 56.7 47.8 92.2 47.6 35.7.3 72-32.8 92.3-47.6 102-74.1 131.6-96.3 154-113.7zM256 320c23.2.4 56.6-29.2 73.4-41.4 132.7-96.3 142.8-104.7 173.4-128.7 5.8-4.5 9.2-11.5 9.2-18.9v-19c0-26.5-21.5-48-48-48H48C21.5 64 0 85.5 0 112v19c0 7.4 3.4 14.3 9.2 18.9 30.6 23.9 40.7 32.4 173.4 128.7 16.8 12.2 50.2 41.8 73.4 41.4z\"><\/path><\/svg>\t\t\t\t\t\t<\/span>\n\t\t\t\t\t\t\t\t\t\t<span class=\"elementor-icon-list-text\">stephane@container-ephemere.com<\/span>\n\t\t\t\t\t\t\t\t\t<\/li>\n\t\t\t\t\t\t<\/ul>\n\t\t\t\t<\/div>\n\t\t\t\t<\/div>\n\t\t\t\t<\/div>\n\t\t<div class=\"elementor-element elementor-element-656c55da e-con-full e-flex e-con e-child\" data-id=\"656c55da\" data-element_type=\"container\">\n\t\t\t\t<div class=\"elementor-element elementor-element-e72164f elementor-widget elementor-widget-shortcode\" data-id=\"e72164f\" data-element_type=\"widget\" data-widget_type=\"shortcode.default\">\n\t\t\t\t<div class=\"elementor-widget-container\">\n\t\t\t\t\t<div class=\"elementor-shortcode\">\n<div class=\"wpcf7 no-js\" id=\"wpcf7-f2982-o1\" lang=\"fr-FR\" dir=\"ltr\" data-wpcf7-id=\"2982\">\n<div class=\"screen-reader-response\"><p role=\"status\" aria-live=\"polite\" aria-atomic=\"true\"><\/p> <ul><\/ul><\/div>\n<form action=\"\/en\/wp-json\/wp\/v2\/pages\/6094#wpcf7-f2982-o1\" method=\"post\" class=\"wpcf7-form init\" aria-label=\"Formulaire de contact\" novalidate=\"novalidate\" data-status=\"init\">\n<div style=\"display: none;\">\n<input type=\"hidden\" name=\"_wpcf7\" value=\"2982\" \/>\n<input type=\"hidden\" name=\"_wpcf7_version\" value=\"6.0.1\" \/>\n<input type=\"hidden\" name=\"_wpcf7_locale\" value=\"fr_FR\" \/>\n<input type=\"hidden\" name=\"_wpcf7_unit_tag\" value=\"wpcf7-f2982-o1\" \/>\n<input type=\"hidden\" name=\"_wpcf7_container_post\" value=\"0\" \/>\n<input type=\"hidden\" name=\"_wpcf7_posted_data_hash\" value=\"\" \/>\n<input type=\"hidden\" name=\"_wpcf7_recaptcha_response\" value=\"\" \/>\n<\/div>\n<div class=\"row\">\n\t<div class=\"column_text\">\n\t\t<div>\n\t\t\t<p>Soci\u00e9t\u00e9<span class=\"asterisque\">*<\/span> :\n\t\t\t<\/p>\n\t\t<\/div>\n\t<\/div>\n\t<div class=\"column_input\">\n\t\t<p><span class=\"wpcf7-form-control-wrap\" data-name=\"societe\"><input size=\"40\" maxlength=\"400\" class=\"wpcf7-form-control wpcf7-text wpcf7-validates-as-required\" aria-required=\"true\" aria-invalid=\"false\" value=\"\" type=\"text\" name=\"societe\" \/><\/span>\n\t\t<\/p>\n\t<\/div>\n<\/div>\n<div class=\"row\">\n\t<div class=\"column_text\">\n\t\t<div>\n\t\t\t<p>Pr\u00e9nom<span class=\"asterisque\">*<\/span> :\n\t\t\t<\/p>\n\t\t<\/div>\n\t<\/div>\n\t<div class=\"column_input\">\n\t\t<p><span class=\"wpcf7-form-control-wrap\" data-name=\"prenom\"><input size=\"40\" maxlength=\"400\" class=\"wpcf7-form-control wpcf7-text wpcf7-validates-as-required\" aria-required=\"true\" aria-invalid=\"false\" value=\"\" type=\"text\" name=\"prenom\" \/><\/span>\n\t\t<\/p>\n\t<\/div>\n<\/div>\n<div class=\"row\">\n\t<div class=\"column_text\">\n\t\t<div>\n\t\t\t<p>Nom<span class=\"asterisque\">*<\/span> :\n\t\t\t<\/p>\n\t\t<\/div>\n\t<\/div>\n\t<div class=\"column_input\">\n\t\t<p><span class=\"wpcf7-form-control-wrap\" data-name=\"nom\"><input size=\"40\" maxlength=\"400\" class=\"wpcf7-form-control wpcf7-text wpcf7-validates-as-required\" aria-required=\"true\" aria-invalid=\"false\" value=\"\" type=\"text\" name=\"nom\" \/><\/span>\n\t\t<\/p>\n\t<\/div>\n<\/div>\n<div class=\"row\">\n\t<div class=\"column_text\">\n\t\t<div>\n\t\t\t<p>Email<span class=\"asterisque\">*<\/span> :\n\t\t\t<\/p>\n\t\t<\/div>\n\t<\/div>\n\t<div class=\"column_input\">\n\t\t<p><span class=\"wpcf7-form-control-wrap\" data-name=\"email\"><input size=\"40\" maxlength=\"400\" class=\"wpcf7-form-control wpcf7-email wpcf7-validates-as-required wpcf7-text wpcf7-validates-as-email\" aria-required=\"true\" aria-invalid=\"false\" value=\"\" type=\"email\" name=\"email\" \/><\/span>\n\t\t<\/p>\n\t<\/div>\n<\/div>\n<div class=\"row\">\n\t<div class=\"column_text\">\n\t\t<div>\n\t\t\t<p>T\u00e9l\u00e9phone :\n\t\t\t<\/p>\n\t\t<\/div>\n\t<\/div>\n\t<div class=\"column_input\">\n\t\t<p><span class=\"wpcf7-form-control-wrap\" data-name=\"telephone\"><input size=\"40\" maxlength=\"400\" class=\"wpcf7-form-control wpcf7-tel wpcf7-text wpcf7-validates-as-tel\" aria-invalid=\"false\" value=\"\" type=\"tel\" name=\"telephone\" \/><\/span>\n\t\t<\/p>\n\t<\/div>\n<\/div>\n<div class=\"row\">\n\t<div class=\"column_text\">\n\t\t<div>\n\t\t\t<p>Prestation d\u00e9sir\u00e9e :\n\t\t\t<\/p>\n\t\t<\/div>\n\t<\/div>\n\t<div class=\"column_input\">\n\t\t<p><span class=\"wpcf7-form-control-wrap\" data-name=\"checkbox-849\"><span class=\"wpcf7-form-control wpcf7-checkbox\"><span class=\"wpcf7-list-item first\"><input type=\"checkbox\" name=\"checkbox-849[]\" value=\"Vente Container\" \/><span class=\"wpcf7-list-item-label\">Vente Container<\/span><\/span><span class=\"wpcf7-list-item\"><input type=\"checkbox\" name=\"checkbox-849[]\" value=\"Location Container\" \/><span class=\"wpcf7-list-item-label\">Location Container<\/span><\/span><span class=\"wpcf7-list-item last\"><input type=\"checkbox\" name=\"checkbox-849[]\" value=\"Stand traditionnel\" \/><span class=\"wpcf7-list-item-label\">Stand traditionnel<\/span><\/span><\/span><\/span>\n\t\t<\/p>\n\t<\/div>\n<\/div>\n<div class=\"row\">\n\t<div class=\"column_text column_text_up\">\n\t\t<div>\n\t\t\t<p>Demande du besoin :\n\t\t\t<\/p>\n\t\t<\/div>\n\t<\/div>\n\t<div class=\"column_input\">\n\t\t<p><span class=\"wpcf7-form-control-wrap\" data-name=\"demande\"><textarea cols=\"40\" rows=\"10\" maxlength=\"2000\" class=\"wpcf7-form-control wpcf7-textarea\" aria-invalid=\"false\" name=\"demande\"><\/textarea><\/span>\n\t\t<\/p>\n\t<\/div>\n<\/div>\n<div class=\"row \">\n\t<div class=\"column_text\">\n\t<\/div>\n\t<div class=\"column_input\">\n\t\t<p><input class=\"wpcf7-form-control wpcf7-submit has-spinner\" type=\"submit\" value=\"Envoyer\" \/>\n\t\t<\/p>\n\t<\/div>\n<\/div><div class=\"wpcf7-response-output\" aria-hidden=\"true\"><\/div>\n<\/form>\n<\/div>\n<\/div>\n\t\t\t\t<\/div>\n\t\t\t\t<\/div>\n\t\t\t\t<\/div>\n\t\t\t\t<\/div>\n\t\t<div class=\"elementor-element elementor-element-67fc73be e-con-full e-flex e-con e-parent\" data-id=\"67fc73be\" data-element_type=\"container\">\n\t\t\t\t<div class=\"elementor-element elementor-element-50cc2792 elementor-widget elementor-widget-google_maps\" data-id=\"50cc2792\" data-element_type=\"widget\" data-widget_type=\"google_maps.default\">\n\t\t\t\t<div class=\"elementor-widget-container\">\n\t\t\t\t\t<div class=\"elementor-custom-embed\">\n\t\t\t<iframe loading=\"lazy\"\n\t\t\t\t\tsrc=\"https:\/\/maps.google.com\/maps?q=40%20Rue%20des%20Chantiers%2C%2076600%20Le%20Havre&#038;t=m&#038;z=14&#038;output=embed&#038;iwloc=near\"\n\t\t\t\t\ttitle=\"40 Rue des Chantiers, 76600 Le Havre\"\n\t\t\t\t\taria-label=\"40 Rue des Chantiers, 76600 Le Havre\"\n\t\t\t><\/iframe>\n\t\t<\/div>\n\t\t\t\t<\/div>\n\t\t\t\t<\/div>\n\t\t\t\t<\/div>\n\t\t\t\t<\/div>\n\t\t","protected":false},"excerpt":{"rendered":"<p>Contact us &amp; Request a quote Do you have a project or questions about our ephemeral container solutions? We&#8217;re here to help you every step of the way. Whether you&#8217;d like to find out more about our services, get a personalized quote or discuss a specific idea, please don&#8217;t hesitate to contact us. Fill in [&hellip;]<\/p>\n","protected":false},"author":14,"featured_media":5846,"parent":0,"menu_order":0,"comment_status":"closed","ping_status":"closed","template":"elementor_header_footer","meta":{"footnotes":""},"class_list":["post-6094","page","type-page","status-publish","has-post-thumbnail","hentry"],"yoast_head":"<!-- This site is optimized with the Yoast SEO plugin v24.0 - https:\/\/yoast.com\/wordpress\/plugins\/seo\/ -->\n<title>Contact our team for container conversion<\/title>\n<meta name=\"description\" content=\"Container Eph\u00e9m\u00e8re \u2013 Location, vente de containers am\u00e9nag\u00e9s pour l\u2019\u00e9v\u00e8nementiel \u2013 Fabrication de containers sur-mesure.\" \/>\n<meta name=\"robots\" content=\"index, follow, max-snippet:-1, max-image-preview:large, max-video-preview:-1\" \/>\n<link rel=\"canonical\" href=\"https:\/\/container-ephemere.com\/en\/request-a-quote\" \/>\n<meta property=\"og:locale\" content=\"en_US\" \/>\n<meta property=\"og:type\" content=\"article\" \/>\n<meta property=\"og:title\" content=\"Contact our team for container conversion\" \/>\n<meta property=\"og:description\" content=\"Container Eph\u00e9m\u00e8re \u2013 Location, vente de containers am\u00e9nag\u00e9s pour l\u2019\u00e9v\u00e8nementiel \u2013 Fabrication de containers sur-mesure.\" \/>\n<meta property=\"og:url\" content=\"https:\/\/container-ephemere.com\/en\/request-a-quote\" \/>\n<meta property=\"og:site_name\" content=\"Container Eph\u00e9m\u00e8re\" \/>\n<meta property=\"article:publisher\" content=\"https:\/\/www.facebook.com\/profile.php?id=100068273536193\" \/>\n<meta property=\"article:modified_time\" content=\"2024-09-05T13:17:43+00:00\" \/>\n<meta property=\"og:image\" content=\"https:\/\/container-ephemere.com\/wp-content\/uploads\/2021\/06\/LOGO-CONTAINER-WEB.jpg\" \/>\n\t<meta property=\"og:image:width\" content=\"212\" \/>\n\t<meta property=\"og:image:height\" content=\"212\" \/>\n\t<meta property=\"og:image:type\" content=\"image\/jpeg\" \/>\n<meta name=\"twitter:card\" content=\"summary_large_image\" \/>\n<script type=\"application\/ld+json\" class=\"yoast-schema-graph\">{\"@context\":\"https:\/\/schema.org\",\"@graph\":[{\"@type\":\"WebPage\",\"@id\":\"https:\/\/container-ephemere.com\/en\/request-a-quote\",\"url\":\"https:\/\/container-ephemere.com\/en\/request-a-quote\",\"name\":\"Contact our team for container conversion\",\"isPartOf\":{\"@id\":\"https:\/\/container-ephemere.com\/#website\"},\"primaryImageOfPage\":{\"@id\":\"https:\/\/container-ephemere.com\/en\/request-a-quote#primaryimage\"},\"image\":{\"@id\":\"https:\/\/container-ephemere.com\/en\/request-a-quote#primaryimage\"},\"thumbnailUrl\":\"https:\/\/container-ephemere.com\/wp-content\/uploads\/2021\/06\/LOGO-CONTAINER-WEB.jpg\",\"datePublished\":\"2020-12-07T21:00:36+00:00\",\"dateModified\":\"2024-09-05T13:17:43+00:00\",\"description\":\"Container Eph\u00e9m\u00e8re \u2013 Location, vente de containers am\u00e9nag\u00e9s pour l\u2019\u00e9v\u00e8nementiel \u2013 Fabrication de containers sur-mesure.\",\"breadcrumb\":{\"@id\":\"https:\/\/container-ephemere.com\/en\/request-a-quote#breadcrumb\"},\"inLanguage\":\"en-US\",\"potentialAction\":[{\"@type\":\"ReadAction\",\"target\":[\"https:\/\/container-ephemere.com\/en\/request-a-quote\"]}]},{\"@type\":\"ImageObject\",\"inLanguage\":\"en-US\",\"@id\":\"https:\/\/container-ephemere.com\/en\/request-a-quote#primaryimage\",\"url\":\"https:\/\/container-ephemere.com\/wp-content\/uploads\/2021\/06\/LOGO-CONTAINER-WEB.jpg\",\"contentUrl\":\"https:\/\/container-ephemere.com\/wp-content\/uploads\/2021\/06\/LOGO-CONTAINER-WEB.jpg\",\"width\":212,\"height\":212},{\"@type\":\"BreadcrumbList\",\"@id\":\"https:\/\/container-ephemere.com\/en\/request-a-quote#breadcrumb\",\"itemListElement\":[{\"@type\":\"ListItem\",\"position\":1,\"name\":\"Accueil\",\"item\":\"https:\/\/container-ephemere.com\/en\/sales-rental-and-fitting-out-of-maritime-containers\"},{\"@type\":\"ListItem\",\"position\":2,\"name\":\"Request a quote\"}]},{\"@type\":\"WebSite\",\"@id\":\"https:\/\/container-ephemere.com\/#website\",\"url\":\"https:\/\/container-ephemere.com\/\",\"name\":\"Container Eph\u00e9m\u00e8re\",\"description\":\"Am\u00e9nagement sur-mesure, location, &amp; vente de container maritime\",\"publisher\":{\"@id\":\"https:\/\/container-ephemere.com\/#organization\"},\"alternateName\":\"Am\u00e9nagement, location, vente de container maritime\",\"potentialAction\":[{\"@type\":\"SearchAction\",\"target\":{\"@type\":\"EntryPoint\",\"urlTemplate\":\"https:\/\/container-ephemere.com\/?s={search_term_string}\"},\"query-input\":{\"@type\":\"PropertyValueSpecification\",\"valueRequired\":true,\"valueName\":\"search_term_string\"}}],\"inLanguage\":\"en-US\"},{\"@type\":\"Organization\",\"@id\":\"https:\/\/container-ephemere.com\/#organization\",\"name\":\"Container Eph\u00e9m\u00e8re\",\"url\":\"https:\/\/container-ephemere.com\/\",\"logo\":{\"@type\":\"ImageObject\",\"inLanguage\":\"en-US\",\"@id\":\"https:\/\/container-ephemere.com\/#\/schema\/logo\/image\/\",\"url\":\"https:\/\/container-ephemere.com\/wp-content\/uploads\/2021\/06\/LOGO-CONTAINER-WEB.jpg\",\"contentUrl\":\"https:\/\/container-ephemere.com\/wp-content\/uploads\/2021\/06\/LOGO-CONTAINER-WEB.jpg\",\"width\":212,\"height\":212,\"caption\":\"Container Eph\u00e9m\u00e8re\"},\"image\":{\"@id\":\"https:\/\/container-ephemere.com\/#\/schema\/logo\/image\/\"},\"sameAs\":[\"https:\/\/www.facebook.com\/profile.php?id=100068273536193\",\"https:\/\/www.linkedin.com\/company\/containerephemere\/\"]}]}<\/script>\n<!-- \/ Yoast SEO plugin. -->","yoast_head_json":{"title":"Contact our team for container conversion","description":"Container Eph\u00e9m\u00e8re \u2013 Location, vente de containers am\u00e9nag\u00e9s pour l\u2019\u00e9v\u00e8nementiel \u2013 Fabrication de containers sur-mesure.","robots":{"index":"index","follow":"follow","max-snippet":"max-snippet:-1","max-image-preview":"max-image-preview:large","max-video-preview":"max-video-preview:-1"},"canonical":"https:\/\/container-ephemere.com\/en\/request-a-quote","og_locale":"en_US","og_type":"article","og_title":"Contact our team for container conversion","og_description":"Container Eph\u00e9m\u00e8re \u2013 Location, vente de containers am\u00e9nag\u00e9s pour l\u2019\u00e9v\u00e8nementiel \u2013 Fabrication de containers sur-mesure.","og_url":"https:\/\/container-ephemere.com\/en\/request-a-quote","og_site_name":"Container Eph\u00e9m\u00e8re","article_publisher":"https:\/\/www.facebook.com\/profile.php?id=100068273536193","article_modified_time":"2024-09-05T13:17:43+00:00","og_image":[{"width":212,"height":212,"url":"https:\/\/container-ephemere.com\/wp-content\/uploads\/2021\/06\/LOGO-CONTAINER-WEB.jpg","type":"image\/jpeg"}],"twitter_card":"summary_large_image","schema":{"@context":"https:\/\/schema.org","@graph":[{"@type":"WebPage","@id":"https:\/\/container-ephemere.com\/en\/request-a-quote","url":"https:\/\/container-ephemere.com\/en\/request-a-quote","name":"Contact our team for container conversion","isPartOf":{"@id":"https:\/\/container-ephemere.com\/#website"},"primaryImageOfPage":{"@id":"https:\/\/container-ephemere.com\/en\/request-a-quote#primaryimage"},"image":{"@id":"https:\/\/container-ephemere.com\/en\/request-a-quote#primaryimage"},"thumbnailUrl":"https:\/\/container-ephemere.com\/wp-content\/uploads\/2021\/06\/LOGO-CONTAINER-WEB.jpg","datePublished":"2020-12-07T21:00:36+00:00","dateModified":"2024-09-05T13:17:43+00:00","description":"Container Eph\u00e9m\u00e8re \u2013 Location, vente de containers am\u00e9nag\u00e9s pour l\u2019\u00e9v\u00e8nementiel \u2013 Fabrication de containers sur-mesure.","breadcrumb":{"@id":"https:\/\/container-ephemere.com\/en\/request-a-quote#breadcrumb"},"inLanguage":"en-US","potentialAction":[{"@type":"ReadAction","target":["https:\/\/container-ephemere.com\/en\/request-a-quote"]}]},{"@type":"ImageObject","inLanguage":"en-US","@id":"https:\/\/container-ephemere.com\/en\/request-a-quote#primaryimage","url":"https:\/\/container-ephemere.com\/wp-content\/uploads\/2021\/06\/LOGO-CONTAINER-WEB.jpg","contentUrl":"https:\/\/container-ephemere.com\/wp-content\/uploads\/2021\/06\/LOGO-CONTAINER-WEB.jpg","width":212,"height":212},{"@type":"BreadcrumbList","@id":"https:\/\/container-ephemere.com\/en\/request-a-quote#breadcrumb","itemListElement":[{"@type":"ListItem","position":1,"name":"Accueil","item":"https:\/\/container-ephemere.com\/en\/sales-rental-and-fitting-out-of-maritime-containers"},{"@type":"ListItem","position":2,"name":"Request a quote"}]},{"@type":"WebSite","@id":"https:\/\/container-ephemere.com\/#website","url":"https:\/\/container-ephemere.com\/","name":"Container Eph\u00e9m\u00e8re","description":"Am\u00e9nagement sur-mesure, location, &amp; vente de container maritime","publisher":{"@id":"https:\/\/container-ephemere.com\/#organization"},"alternateName":"Am\u00e9nagement, location, vente de container maritime","potentialAction":[{"@type":"SearchAction","target":{"@type":"EntryPoint","urlTemplate":"https:\/\/container-ephemere.com\/?s={search_term_string}"},"query-input":{"@type":"PropertyValueSpecification","valueRequired":true,"valueName":"search_term_string"}}],"inLanguage":"en-US"},{"@type":"Organization","@id":"https:\/\/container-ephemere.com\/#organization","name":"Container Eph\u00e9m\u00e8re","url":"https:\/\/container-ephemere.com\/","logo":{"@type":"ImageObject","inLanguage":"en-US","@id":"https:\/\/container-ephemere.com\/#\/schema\/logo\/image\/","url":"https:\/\/container-ephemere.com\/wp-content\/uploads\/2021\/06\/LOGO-CONTAINER-WEB.jpg","contentUrl":"https:\/\/container-ephemere.com\/wp-content\/uploads\/2021\/06\/LOGO-CONTAINER-WEB.jpg","width":212,"height":212,"caption":"Container Eph\u00e9m\u00e8re"},"image":{"@id":"https:\/\/container-ephemere.com\/#\/schema\/logo\/image\/"},"sameAs":["https:\/\/www.facebook.com\/profile.php?id=100068273536193","https:\/\/www.linkedin.com\/company\/containerephemere\/"]}]}},"_links":{"self":[{"href":"https:\/\/container-ephemere.com\/en\/wp-json\/wp\/v2\/pages\/6094","targetHints":{"allow":["GET"]}}],"collection":[{"href":"https:\/\/container-ephemere.com\/en\/wp-json\/wp\/v2\/pages"}],"about":[{"href":"https:\/\/container-ephemere.com\/en\/wp-json\/wp\/v2\/types\/page"}],"author":[{"embeddable":true,"href":"https:\/\/container-ephemere.com\/en\/wp-json\/wp\/v2\/users\/14"}],"replies":[{"embeddable":true,"href":"https:\/\/container-ephemere.com\/en\/wp-json\/wp\/v2\/comments?post=6094"}],"version-history":[{"count":1,"href":"https:\/\/container-ephemere.com\/en\/wp-json\/wp\/v2\/pages\/6094\/revisions"}],"predecessor-version":[{"id":6095,"href":"https:\/\/container-ephemere.com\/en\/wp-json\/wp\/v2\/pages\/6094\/revisions\/6095"}],"wp:featuredmedia":[{"embeddable":true,"href":"https:\/\/container-ephemere.com\/en\/wp-json\/wp\/v2\/media\/5846"}],"wp:attachment":[{"href":"https:\/\/container-ephemere.com\/en\/wp-json\/wp\/v2\/media?parent=6094"}],"curies":[{"name":"wp","href":"https:\/\/api.w.org\/{rel}","templated":true}]}}