{"id":6092,"date":"2021-09-17T13:54:30","date_gmt":"2021-09-17T11:54:30","guid":{"rendered":"https:\/\/container-ephemere.com\/news"},"modified":"2024-12-12T10:24:00","modified_gmt":"2024-12-12T08:24:00","slug":"news","status":"publish","type":"page","link":"https:\/\/container-ephemere.com\/en\/news","title":{"rendered":"News"},"content":{"rendered":"\t\t<div data-elementor-type=\"wp-page\" data-elementor-id=\"6092\" class=\"elementor elementor-6092 elementor-4214\" data-elementor-post-type=\"page\">\n\t\t\t\t<div class=\"elementor-element elementor-element-657d4591 e-con-full e-flex e-con e-parent\" data-id=\"657d4591\" data-element_type=\"container\" data-settings=\"{&quot;background_background&quot;:&quot;classic&quot;}\">\n\t\t\t\t<div class=\"elementor-element elementor-element-10e93fb3 animated-slow elementor-invisible elementor-widget elementor-widget-heading\" data-id=\"10e93fb3\" data-element_type=\"widget\" data-settings=\"{&quot;_animation&quot;:&quot;fadeInLeft&quot;}\" data-widget_type=\"heading.default\">\n\t\t\t\t<div class=\"elementor-widget-container\">\n\t\t\t<h2 class=\"elementor-heading-title elementor-size-default\">Our news<\/h2>\t\t<\/div>\n\t\t\t\t<\/div>\n\t\t\t\t<div class=\"elementor-element elementor-element-401e8f4e elementor-widget-mobile__width-inherit elementor-widget elementor-widget-text-editor\" data-id=\"401e8f4e\" data-element_type=\"widget\" data-widget_type=\"text-editor.default\">\n\t\t\t\t<div class=\"elementor-widget-container\">\n\t\t\t\t\t\t\t<p>Follow this page to discover our latest news on the <strong>rental<\/strong> and <strong>sale of converted shipping containers<\/strong>. We share our latest projects, innovations and special offers. If you have any questions, our team is at your service!  <\/p>\n\t\t\t\t\t\t<\/div>\n\t\t\t\t<\/div>\n\t\t<div class=\"elementor-element elementor-element-763b6e07 e-flex e-con-boxed e-con e-child\" data-id=\"763b6e07\" data-element_type=\"container\">\n\t\t\t\t\t<div class=\"e-con-inner\">\n\t\t\t\t<div class=\"elementor-element elementor-element-76c8bee elementor-grid-3 elementor-grid-tablet-2 elementor-grid-mobile-1 elementor-posts--thumbnail-top elementor-posts--show-avatar elementor-card-shadow-yes elementor-posts__hover-gradient load-more-align-center elementor-widget elementor-widget-posts\" data-id=\"76c8bee\" data-element_type=\"widget\" data-settings=\"{&quot;pagination_type&quot;:&quot;load_more_on_click&quot;,&quot;cards_columns&quot;:&quot;3&quot;,&quot;cards_columns_tablet&quot;:&quot;2&quot;,&quot;cards_columns_mobile&quot;:&quot;1&quot;,&quot;cards_row_gap&quot;:{&quot;unit&quot;:&quot;px&quot;,&quot;size&quot;:35,&quot;sizes&quot;:[]},&quot;cards_row_gap_tablet&quot;:{&quot;unit&quot;:&quot;px&quot;,&quot;size&quot;:&quot;&quot;,&quot;sizes&quot;:[]},&quot;cards_row_gap_mobile&quot;:{&quot;unit&quot;:&quot;px&quot;,&quot;size&quot;:&quot;&quot;,&quot;sizes&quot;:[]},&quot;load_more_spinner&quot;:{&quot;value&quot;:&quot;fas fa-spinner&quot;,&quot;library&quot;:&quot;fa-solid&quot;}}\" data-widget_type=\"posts.cards\">\n\t\t\t\t<div class=\"elementor-widget-container\">\n\t\t\t\t\t<div class=\"elementor-posts-container elementor-posts elementor-posts--skin-cards elementor-grid\">\n\t\t\t\t<article class=\"elementor-post elementor-grid-item post-6073 post type-post status-publish format-standard has-post-thumbnail hentry category-non-classifiee\">\n\t\t\t<div class=\"elementor-post__card\">\n\t\t\t\t<a class=\"elementor-post__thumbnail__link\" href=\"https:\/\/container-ephemere.com\/en\/container-ephemere-2cir-for-the-lili-co-agency\" tabindex=\"-1\" ><div class=\"elementor-post__thumbnail\"><img fetchpriority=\"high\" decoding=\"async\" width=\"300\" height=\"200\" src=\"https:\/\/container-ephemere.com\/wp-content\/uploads\/2024\/06\/11-1-300x200.png\" class=\"attachment-medium size-medium wp-image-6031\" alt=\"Conteneur am\u00e9nag\u00e9\" srcset=\"https:\/\/container-ephemere.com\/wp-content\/uploads\/2024\/06\/11-1-300x200.png 300w, https:\/\/container-ephemere.com\/wp-content\/uploads\/2024\/06\/11-1-1024x683.png 1024w, https:\/\/container-ephemere.com\/wp-content\/uploads\/2024\/06\/11-1-768x512.png 768w, https:\/\/container-ephemere.com\/wp-content\/uploads\/2024\/06\/11-1-500x333.png 500w, https:\/\/container-ephemere.com\/wp-content\/uploads\/2024\/06\/11-1-800x533.png 800w, https:\/\/container-ephemere.com\/wp-content\/uploads\/2024\/06\/11-1-200x133.png 200w, https:\/\/container-ephemere.com\/wp-content\/uploads\/2024\/06\/11-1-400x267.png 400w, https:\/\/container-ephemere.com\/wp-content\/uploads\/2024\/06\/11-1-600x400.png 600w, https:\/\/container-ephemere.com\/wp-content\/uploads\/2024\/06\/11-1.png 1200w\" sizes=\"(max-width: 300px) 100vw, 300px\" \/><\/div><\/a>\n\t\t\t\t<div class=\"elementor-post__badge\">Non classifi\u00e9(e)<\/div>\n\t\t\t\t<div class=\"elementor-post__avatar\">\n\t\t\t<img alt='Ana\u00efde Marchandise Ruiz' src='https:\/\/secure.gravatar.com\/avatar\/1433fb0f4fbb00956421a5eac1151805fd616a9c32bb4ca7c2db8f0be54b7e15?s=128&#038;d=mm&#038;r=g' srcset='https:\/\/secure.gravatar.com\/avatar\/1433fb0f4fbb00956421a5eac1151805fd616a9c32bb4ca7c2db8f0be54b7e15?s=256&#038;d=mm&#038;r=g 2x' class='avatar avatar-128 photo' height='128' width='128' \/>\t\t<\/div>\n\t\t\t\t<div class=\"elementor-post__text\">\n\t\t\t\t<h2 class=\"elementor-post__title\">\n\t\t\t<a href=\"https:\/\/container-ephemere.com\/en\/container-ephemere-2cir-for-the-lili-co-agency\" >\n\t\t\t\tContainer Eph\u00e9m\u00e8re &amp; 2CIR for the Lili &amp; Co agency\t\t\t<\/a>\n\t\t<\/h2>\n\t\t\n\t\t<a class=\"elementor-post__read-more\" href=\"https:\/\/container-ephemere.com\/en\/container-ephemere-2cir-for-the-lili-co-agency\" aria-label=\"Read more about Container Eph\u00e9m\u00e8re &amp; 2CIR for the Lili &amp; Co agency\" tabindex=\"-1\" >\n\t\t\tRead more \"\t\t<\/a>\n\n\t\t\t\t<\/div>\n\t\t\t\t<div class=\"elementor-post__meta-data\">\n\t\t\t\t\t<span class=\"elementor-post-date\">\n\t\t\t18 July 2022\t\t<\/span>\n\t\t\t\t<\/div>\n\t\t\t\t\t<\/div>\n\t\t<\/article>\n\t\t\t\t<article class=\"elementor-post elementor-grid-item post-6072 post type-post status-publish format-standard has-post-thumbnail hentry category-non-classifiee\">\n\t\t\t<div class=\"elementor-post__card\">\n\t\t\t\t<a class=\"elementor-post__thumbnail__link\" href=\"https:\/\/container-ephemere.com\/en\/siec-2021-presentation-of-the-container-in-door\" tabindex=\"-1\" ><div class=\"elementor-post__thumbnail\"><img decoding=\"async\" width=\"300\" height=\"200\" src=\"https:\/\/container-ephemere.com\/wp-content\/uploads\/2021\/11\/Image-JPEG-E64E5B3E1807-1-1-300x200.jpeg\" class=\"attachment-medium size-medium wp-image-5855\" alt=\"\" srcset=\"https:\/\/container-ephemere.com\/wp-content\/uploads\/2021\/11\/Image-JPEG-E64E5B3E1807-1-1-300x200.jpeg 300w, https:\/\/container-ephemere.com\/wp-content\/uploads\/2021\/11\/Image-JPEG-E64E5B3E1807-1-1-1024x683.jpeg 1024w, https:\/\/container-ephemere.com\/wp-content\/uploads\/2021\/11\/Image-JPEG-E64E5B3E1807-1-1-768x512.jpeg 768w, https:\/\/container-ephemere.com\/wp-content\/uploads\/2021\/11\/Image-JPEG-E64E5B3E1807-1-1-1536x1024.jpeg 1536w, https:\/\/container-ephemere.com\/wp-content\/uploads\/2021\/11\/Image-JPEG-E64E5B3E1807-1-1-2048x1366.jpeg 2048w, https:\/\/container-ephemere.com\/wp-content\/uploads\/2021\/11\/Image-JPEG-E64E5B3E1807-1-1-500x333.jpeg 500w, https:\/\/container-ephemere.com\/wp-content\/uploads\/2021\/11\/Image-JPEG-E64E5B3E1807-1-1-800x533.jpeg 800w, https:\/\/container-ephemere.com\/wp-content\/uploads\/2021\/11\/Image-JPEG-E64E5B3E1807-1-1-1280x853.jpeg 1280w, https:\/\/container-ephemere.com\/wp-content\/uploads\/2021\/11\/Image-JPEG-E64E5B3E1807-1-1-1920x1280.jpeg 1920w, https:\/\/container-ephemere.com\/wp-content\/uploads\/2021\/11\/Image-JPEG-E64E5B3E1807-1-1-200x133.jpeg 200w, https:\/\/container-ephemere.com\/wp-content\/uploads\/2021\/11\/Image-JPEG-E64E5B3E1807-1-1-400x267.jpeg 400w, https:\/\/container-ephemere.com\/wp-content\/uploads\/2021\/11\/Image-JPEG-E64E5B3E1807-1-1-600x400.jpeg 600w, https:\/\/container-ephemere.com\/wp-content\/uploads\/2021\/11\/Image-JPEG-E64E5B3E1807-1-1-1200x800.jpeg 1200w\" sizes=\"(max-width: 300px) 100vw, 300px\" \/><\/div><\/a>\n\t\t\t\t<div class=\"elementor-post__badge\">Non classifi\u00e9(e)<\/div>\n\t\t\t\t<div class=\"elementor-post__avatar\">\n\t\t\t<img alt='Ana\u00efde Marchandise Ruiz' src='https:\/\/secure.gravatar.com\/avatar\/1433fb0f4fbb00956421a5eac1151805fd616a9c32bb4ca7c2db8f0be54b7e15?s=128&#038;d=mm&#038;r=g' srcset='https:\/\/secure.gravatar.com\/avatar\/1433fb0f4fbb00956421a5eac1151805fd616a9c32bb4ca7c2db8f0be54b7e15?s=256&#038;d=mm&#038;r=g 2x' class='avatar avatar-128 photo' height='128' width='128' \/>\t\t<\/div>\n\t\t\t\t<div class=\"elementor-post__text\">\n\t\t\t\t<h2 class=\"elementor-post__title\">\n\t\t\t<a href=\"https:\/\/container-ephemere.com\/en\/siec-2021-presentation-of-the-container-in-door\" >\n\t\t\t\tSiec 2021 &#8211; Presentation of the Container In Door\t\t\t<\/a>\n\t\t<\/h2>\n\t\t\n\t\t<a class=\"elementor-post__read-more\" href=\"https:\/\/container-ephemere.com\/en\/siec-2021-presentation-of-the-container-in-door\" aria-label=\"Read more about Siec 2021 &#8211; Presentation of the Container In Door\" tabindex=\"-1\" >\n\t\t\tRead more \"\t\t<\/a>\n\n\t\t\t\t<\/div>\n\t\t\t\t<div class=\"elementor-post__meta-data\">\n\t\t\t\t\t<span class=\"elementor-post-date\">\n\t\t\t5 November 2021\t\t<\/span>\n\t\t\t\t<\/div>\n\t\t\t\t\t<\/div>\n\t\t<\/article>\n\t\t\t\t<article class=\"elementor-post elementor-grid-item post-6071 post type-post status-publish format-standard has-post-thumbnail hentry category-non-classifiee\">\n\t\t\t<div class=\"elementor-post__card\">\n\t\t\t\t<a class=\"elementor-post__thumbnail__link\" href=\"https:\/\/container-ephemere.com\/en\/container-ephemere-has-its-own-website\" tabindex=\"-1\" ><div class=\"elementor-post__thumbnail\"><img decoding=\"async\" width=\"300\" height=\"200\" src=\"https:\/\/container-ephemere.com\/wp-content\/uploads\/2021\/09\/wordpress-300x200.jpg\" class=\"attachment-medium size-medium wp-image-5847\" alt=\"\" srcset=\"https:\/\/container-ephemere.com\/wp-content\/uploads\/2021\/09\/wordpress-300x200.jpg 300w, https:\/\/container-ephemere.com\/wp-content\/uploads\/2021\/09\/wordpress-1024x683.jpg 1024w, https:\/\/container-ephemere.com\/wp-content\/uploads\/2021\/09\/wordpress-768x512.jpg 768w, https:\/\/container-ephemere.com\/wp-content\/uploads\/2021\/09\/wordpress-1536x1024.jpg 1536w, https:\/\/container-ephemere.com\/wp-content\/uploads\/2021\/09\/wordpress-2048x1365.jpg 2048w, https:\/\/container-ephemere.com\/wp-content\/uploads\/2021\/09\/wordpress-500x333.jpg 500w, https:\/\/container-ephemere.com\/wp-content\/uploads\/2021\/09\/wordpress-800x533.jpg 800w, https:\/\/container-ephemere.com\/wp-content\/uploads\/2021\/09\/wordpress-1280x853.jpg 1280w, https:\/\/container-ephemere.com\/wp-content\/uploads\/2021\/09\/wordpress-1920x1280.jpg 1920w, https:\/\/container-ephemere.com\/wp-content\/uploads\/2021\/09\/wordpress-200x133.jpg 200w, https:\/\/container-ephemere.com\/wp-content\/uploads\/2021\/09\/wordpress-400x267.jpg 400w, https:\/\/container-ephemere.com\/wp-content\/uploads\/2021\/09\/wordpress-600x400.jpg 600w, https:\/\/container-ephemere.com\/wp-content\/uploads\/2021\/09\/wordpress-1200x800.jpg 1200w\" sizes=\"(max-width: 300px) 100vw, 300px\" \/><\/div><\/a>\n\t\t\t\t<div class=\"elementor-post__badge\">Non classifi\u00e9(e)<\/div>\n\t\t\t\t<div class=\"elementor-post__avatar\">\n\t\t\t<img alt='admin' src='https:\/\/secure.gravatar.com\/avatar\/91976461d473bb6154633dc824500f18248341e3c554b6ffb0a3ad2827be5353?s=128&#038;d=mm&#038;r=g' srcset='https:\/\/secure.gravatar.com\/avatar\/91976461d473bb6154633dc824500f18248341e3c554b6ffb0a3ad2827be5353?s=256&#038;d=mm&#038;r=g 2x' class='avatar avatar-128 photo' height='128' width='128' \/>\t\t<\/div>\n\t\t\t\t<div class=\"elementor-post__text\">\n\t\t\t\t<h2 class=\"elementor-post__title\">\n\t\t\t<a href=\"https:\/\/container-ephemere.com\/en\/container-ephemere-has-its-own-website\" >\n\t\t\t\tContainer Eph\u00e9m\u00e8re has its own website\t\t\t<\/a>\n\t\t<\/h2>\n\t\t\n\t\t<a class=\"elementor-post__read-more\" href=\"https:\/\/container-ephemere.com\/en\/container-ephemere-has-its-own-website\" aria-label=\"Read more about Container Eph\u00e9m\u00e8re has its own website\" tabindex=\"-1\" >\n\t\t\tRead more \"\t\t<\/a>\n\n\t\t\t\t<\/div>\n\t\t\t\t<div class=\"elementor-post__meta-data\">\n\t\t\t\t\t<span class=\"elementor-post-date\">\n\t\t\t17 September 2021\t\t<\/span>\n\t\t\t\t<\/div>\n\t\t\t\t\t<\/div>\n\t\t<\/article>\n\t\t\t\t<\/div>\n\t\t\t\t\t<span class=\"e-load-more-spinner\">\n\t\t\t\t<svg aria-hidden=\"true\" class=\"e-font-icon-svg e-fas-spinner\" viewBox=\"0 0 512 512\" xmlns=\"http:\/\/www.w3.org\/2000\/svg\"><path d=\"M304 48c0 26.51-21.49 48-48 48s-48-21.49-48-48 21.49-48 48-48 48 21.49 48 48zm-48 368c-26.51 0-48 21.49-48 48s21.49 48 48 48 48-21.49 48-48-21.49-48-48-48zm208-208c-26.51 0-48 21.49-48 48s21.49 48 48 48 48-21.49 48-48-21.49-48-48-48zM96 256c0-26.51-21.49-48-48-48S0 229.49 0 256s21.49 48 48 48 48-21.49 48-48zm12.922 99.078c-26.51 0-48 21.49-48 48s21.49 48 48 48 48-21.49 48-48c0-26.509-21.491-48-48-48zm294.156 0c-26.51 0-48 21.49-48 48s21.49 48 48 48 48-21.49 48-48c0-26.509-21.49-48-48-48zM108.922 60.922c-26.51 0-48 21.49-48 48s21.49 48 48 48 48-21.49 48-48-21.491-48-48-48z\"><\/path><\/svg>\t\t\t<\/span>\n\t\t\n\t\t\t\t<\/div>\n\t\t\t\t<\/div>\n\t\t\t\t\t<\/div>\n\t\t\t\t<\/div>\n\t\t\t\t<\/div>\n\t\t\t\t<\/div>\n\t\t","protected":false},"excerpt":{"rendered":"","protected":false},"author":11,"featured_media":0,"parent":0,"menu_order":0,"comment_status":"closed","ping_status":"closed","template":"elementor_header_footer","meta":{"footnotes":""},"class_list":["post-6092","page","type-page","status-publish","hentry"],"yoast_head":"<!-- This site is optimized with the Yoast SEO plugin v24.0 - https:\/\/yoast.com\/wordpress\/plugins\/seo\/ -->\n<title>Conteneur Am\u00e9nag\u00e9: Events and Modular Projects<\/title>\n<meta name=\"description\" content=\"Keep up to date with the latest news on innovative converted container solutions. Get inspired by trends and ideas for your events and temporary projects.\" \/>\n<meta name=\"robots\" content=\"index, follow, max-snippet:-1, max-image-preview:large, max-video-preview:-1\" \/>\n<link rel=\"canonical\" href=\"https:\/\/container-ephemere.com\/en\/news\" \/>\n<meta property=\"og:locale\" content=\"en_US\" \/>\n<meta property=\"og:type\" content=\"article\" \/>\n<meta property=\"og:title\" content=\"Conteneur Am\u00e9nag\u00e9: Events and Modular Projects\" \/>\n<meta property=\"og:description\" content=\"Keep up to date with the latest news on innovative converted container solutions. Get inspired by trends and ideas for your events and temporary projects.\" \/>\n<meta property=\"og:url\" content=\"https:\/\/container-ephemere.com\/en\/news\" \/>\n<meta property=\"og:site_name\" content=\"Container Eph\u00e9m\u00e8re\" \/>\n<meta property=\"article:publisher\" content=\"https:\/\/www.facebook.com\/profile.php?id=100068273536193\" \/>\n<meta property=\"article:modified_time\" content=\"2024-12-12T08:24:00+00:00\" \/>\n<meta name=\"twitter:card\" content=\"summary_large_image\" \/>\n<script type=\"application\/ld+json\" class=\"yoast-schema-graph\">{\"@context\":\"https:\/\/schema.org\",\"@graph\":[{\"@type\":\"WebPage\",\"@id\":\"https:\/\/container-ephemere.com\/en\/news\",\"url\":\"https:\/\/container-ephemere.com\/en\/news\",\"name\":\"Conteneur Am\u00e9nag\u00e9: Events and Modular Projects\",\"isPartOf\":{\"@id\":\"https:\/\/container-ephemere.com\/#website\"},\"datePublished\":\"2021-09-17T11:54:30+00:00\",\"dateModified\":\"2024-12-12T08:24:00+00:00\",\"description\":\"Keep up to date with the latest news on innovative converted container solutions. Get inspired by trends and ideas for your events and temporary projects.\",\"breadcrumb\":{\"@id\":\"https:\/\/container-ephemere.com\/en\/news#breadcrumb\"},\"inLanguage\":\"en-US\",\"potentialAction\":[{\"@type\":\"ReadAction\",\"target\":[\"https:\/\/container-ephemere.com\/en\/news\"]}]},{\"@type\":\"BreadcrumbList\",\"@id\":\"https:\/\/container-ephemere.com\/en\/news#breadcrumb\",\"itemListElement\":[{\"@type\":\"ListItem\",\"position\":1,\"name\":\"Accueil\",\"item\":\"https:\/\/container-ephemere.com\/en\/sales-rental-and-fitting-out-of-maritime-containers\"},{\"@type\":\"ListItem\",\"position\":2,\"name\":\"News\"}]},{\"@type\":\"WebSite\",\"@id\":\"https:\/\/container-ephemere.com\/#website\",\"url\":\"https:\/\/container-ephemere.com\/\",\"name\":\"Container Eph\u00e9m\u00e8re\",\"description\":\"Am\u00e9nagement sur-mesure, location, &amp; vente de container maritime\",\"publisher\":{\"@id\":\"https:\/\/container-ephemere.com\/#organization\"},\"alternateName\":\"Am\u00e9nagement, location, vente de container maritime\",\"potentialAction\":[{\"@type\":\"SearchAction\",\"target\":{\"@type\":\"EntryPoint\",\"urlTemplate\":\"https:\/\/container-ephemere.com\/?s={search_term_string}\"},\"query-input\":{\"@type\":\"PropertyValueSpecification\",\"valueRequired\":true,\"valueName\":\"search_term_string\"}}],\"inLanguage\":\"en-US\"},{\"@type\":\"Organization\",\"@id\":\"https:\/\/container-ephemere.com\/#organization\",\"name\":\"Container Eph\u00e9m\u00e8re\",\"url\":\"https:\/\/container-ephemere.com\/\",\"logo\":{\"@type\":\"ImageObject\",\"inLanguage\":\"en-US\",\"@id\":\"https:\/\/container-ephemere.com\/#\/schema\/logo\/image\/\",\"url\":\"https:\/\/container-ephemere.com\/wp-content\/uploads\/2021\/06\/LOGO-CONTAINER-WEB.jpg\",\"contentUrl\":\"https:\/\/container-ephemere.com\/wp-content\/uploads\/2021\/06\/LOGO-CONTAINER-WEB.jpg\",\"width\":212,\"height\":212,\"caption\":\"Container Eph\u00e9m\u00e8re\"},\"image\":{\"@id\":\"https:\/\/container-ephemere.com\/#\/schema\/logo\/image\/\"},\"sameAs\":[\"https:\/\/www.facebook.com\/profile.php?id=100068273536193\",\"https:\/\/www.linkedin.com\/company\/containerephemere\/\"]}]}<\/script>\n<!-- \/ Yoast SEO plugin. -->","yoast_head_json":{"title":"Conteneur Am\u00e9nag\u00e9: Events and Modular Projects","description":"Keep up to date with the latest news on innovative converted container solutions. Get inspired by trends and ideas for your events and temporary projects.","robots":{"index":"index","follow":"follow","max-snippet":"max-snippet:-1","max-image-preview":"max-image-preview:large","max-video-preview":"max-video-preview:-1"},"canonical":"https:\/\/container-ephemere.com\/en\/news","og_locale":"en_US","og_type":"article","og_title":"Conteneur Am\u00e9nag\u00e9: Events and Modular Projects","og_description":"Keep up to date with the latest news on innovative converted container solutions. Get inspired by trends and ideas for your events and temporary projects.","og_url":"https:\/\/container-ephemere.com\/en\/news","og_site_name":"Container Eph\u00e9m\u00e8re","article_publisher":"https:\/\/www.facebook.com\/profile.php?id=100068273536193","article_modified_time":"2024-12-12T08:24:00+00:00","twitter_card":"summary_large_image","schema":{"@context":"https:\/\/schema.org","@graph":[{"@type":"WebPage","@id":"https:\/\/container-ephemere.com\/en\/news","url":"https:\/\/container-ephemere.com\/en\/news","name":"Conteneur Am\u00e9nag\u00e9: Events and Modular Projects","isPartOf":{"@id":"https:\/\/container-ephemere.com\/#website"},"datePublished":"2021-09-17T11:54:30+00:00","dateModified":"2024-12-12T08:24:00+00:00","description":"Keep up to date with the latest news on innovative converted container solutions. Get inspired by trends and ideas for your events and temporary projects.","breadcrumb":{"@id":"https:\/\/container-ephemere.com\/en\/news#breadcrumb"},"inLanguage":"en-US","potentialAction":[{"@type":"ReadAction","target":["https:\/\/container-ephemere.com\/en\/news"]}]},{"@type":"BreadcrumbList","@id":"https:\/\/container-ephemere.com\/en\/news#breadcrumb","itemListElement":[{"@type":"ListItem","position":1,"name":"Accueil","item":"https:\/\/container-ephemere.com\/en\/sales-rental-and-fitting-out-of-maritime-containers"},{"@type":"ListItem","position":2,"name":"News"}]},{"@type":"WebSite","@id":"https:\/\/container-ephemere.com\/#website","url":"https:\/\/container-ephemere.com\/","name":"Container Eph\u00e9m\u00e8re","description":"Am\u00e9nagement sur-mesure, location, &amp; vente de container maritime","publisher":{"@id":"https:\/\/container-ephemere.com\/#organization"},"alternateName":"Am\u00e9nagement, location, vente de container maritime","potentialAction":[{"@type":"SearchAction","target":{"@type":"EntryPoint","urlTemplate":"https:\/\/container-ephemere.com\/?s={search_term_string}"},"query-input":{"@type":"PropertyValueSpecification","valueRequired":true,"valueName":"search_term_string"}}],"inLanguage":"en-US"},{"@type":"Organization","@id":"https:\/\/container-ephemere.com\/#organization","name":"Container Eph\u00e9m\u00e8re","url":"https:\/\/container-ephemere.com\/","logo":{"@type":"ImageObject","inLanguage":"en-US","@id":"https:\/\/container-ephemere.com\/#\/schema\/logo\/image\/","url":"https:\/\/container-ephemere.com\/wp-content\/uploads\/2021\/06\/LOGO-CONTAINER-WEB.jpg","contentUrl":"https:\/\/container-ephemere.com\/wp-content\/uploads\/2021\/06\/LOGO-CONTAINER-WEB.jpg","width":212,"height":212,"caption":"Container Eph\u00e9m\u00e8re"},"image":{"@id":"https:\/\/container-ephemere.com\/#\/schema\/logo\/image\/"},"sameAs":["https:\/\/www.facebook.com\/profile.php?id=100068273536193","https:\/\/www.linkedin.com\/company\/containerephemere\/"]}]}},"_links":{"self":[{"href":"https:\/\/container-ephemere.com\/en\/wp-json\/wp\/v2\/pages\/6092","targetHints":{"allow":["GET"]}}],"collection":[{"href":"https:\/\/container-ephemere.com\/en\/wp-json\/wp\/v2\/pages"}],"about":[{"href":"https:\/\/container-ephemere.com\/en\/wp-json\/wp\/v2\/types\/page"}],"author":[{"embeddable":true,"href":"https:\/\/container-ephemere.com\/en\/wp-json\/wp\/v2\/users\/11"}],"replies":[{"embeddable":true,"href":"https:\/\/container-ephemere.com\/en\/wp-json\/wp\/v2\/comments?post=6092"}],"version-history":[{"count":2,"href":"https:\/\/container-ephemere.com\/en\/wp-json\/wp\/v2\/pages\/6092\/revisions"}],"predecessor-version":[{"id":6527,"href":"https:\/\/container-ephemere.com\/en\/wp-json\/wp\/v2\/pages\/6092\/revisions\/6527"}],"wp:attachment":[{"href":"https:\/\/container-ephemere.com\/en\/wp-json\/wp\/v2\/media?parent=6092"}],"curies":[{"name":"wp","href":"https:\/\/api.w.org\/{rel}","templated":true}]}}